{"id":6908,"date":"2025-12-15T18:29:13","date_gmt":"2025-12-15T22:29:13","guid":{"rendered":"https:\/\/guiaparalapazinterior.com\/a\/?page_id=6908"},"modified":"2026-02-10T09:11:12","modified_gmt":"2026-02-10T13:11:12","slug":"formacion-ucdm-aplicacion","status":"publish","type":"page","link":"https:\/\/guiaparalapazinterior.com\/a\/formacion-ucdm-aplicacion\/","title":{"rendered":"Formaci\u00f3n UCDM &#8211; Aplicaci\u00f3n"},"content":{"rendered":"\t\t<div data-elementor-type=\"wp-page\" data-elementor-id=\"6908\" class=\"elementor elementor-6908\" data-elementor-post-type=\"page\">\n\t\t\t\t\t\t<section class=\"elementor-section elementor-top-section elementor-element elementor-element-2106981 elementor-section-boxed elementor-section-height-default elementor-section-height-default\" data-id=\"2106981\" data-element_type=\"section\" data-settings=\"{&quot;background_background&quot;:&quot;classic&quot;}\">\n\t\t\t\t\t\t\t<div class=\"elementor-background-overlay\"><\/div>\n\t\t\t\t\t\t\t<div class=\"elementor-container elementor-column-gap-default\">\n\t\t\t\t\t<div class=\"elementor-column elementor-col-100 elementor-top-column elementor-element elementor-element-6bc2127\" data-id=\"6bc2127\" data-element_type=\"column\">\n\t\t\t<div class=\"elementor-widget-wrap elementor-element-populated\">\n\t\t\t\t\t\t<div class=\"elementor-element elementor-element-4dcb20c elementor-widget elementor-widget-heading\" data-id=\"4dcb20c\" data-element_type=\"widget\" data-widget_type=\"heading.default\">\n\t\t\t\t<div class=\"elementor-widget-container\">\n\t\t\t\t\t<h2 class=\"elementor-heading-title elementor-size-default\">Aplicaci\u00f3n para la media BECA<\/h2>\t\t\t\t<\/div>\n\t\t\t\t<\/div>\n\t\t\t\t<div class=\"elementor-element elementor-element-1d1fcf6 elementor-widget elementor-widget-heading\" data-id=\"1d1fcf6\" data-element_type=\"widget\" data-widget_type=\"heading.default\">\n\t\t\t\t<div class=\"elementor-widget-container\">\n\t\t\t\t\t<h2 class=\"elementor-heading-title elementor-size-default\">Un Curso de<\/h2>\t\t\t\t<\/div>\n\t\t\t\t<\/div>\n\t\t\t\t<div class=\"elementor-element elementor-element-502c9a1 elementor-widget elementor-widget-heading\" data-id=\"502c9a1\" data-element_type=\"widget\" data-widget_type=\"heading.default\">\n\t\t\t\t<div class=\"elementor-widget-container\">\n\t\t\t\t\t<h2 class=\"elementor-heading-title elementor-size-default\">Milagros<\/h2>\t\t\t\t<\/div>\n\t\t\t\t<\/div>\n\t\t\t\t<div class=\"elementor-element elementor-element-0dd3e8d elementor-widget elementor-widget-text-editor\" data-id=\"0dd3e8d\" data-element_type=\"widget\" data-widget_type=\"text-editor.default\">\n\t\t\t\t<div class=\"elementor-widget-container\">\n\t\t\t\t\t\t\t\t\t<p><b>T\u00f3mate un tiempo para responder a las preguntas del siguiente formulario.&nbsp;<\/b><\/p>\t\t\t\t\t\t\t\t<\/div>\n\t\t\t\t<\/div>\n\t\t\t\t<section class=\"elementor-section elementor-inner-section elementor-element elementor-element-c53a090 elementor-section-boxed elementor-section-height-default elementor-section-height-default\" data-id=\"c53a090\" data-element_type=\"section\" data-settings=\"{&quot;background_background&quot;:&quot;classic&quot;}\">\n\t\t\t\t\t\t<div class=\"elementor-container elementor-column-gap-default\">\n\t\t\t\t\t<div class=\"elementor-column elementor-col-100 elementor-inner-column elementor-element elementor-element-5768236\" data-id=\"5768236\" data-element_type=\"column\">\n\t\t\t<div class=\"elementor-widget-wrap elementor-element-populated\">\n\t\t\t\t\t\t<div class=\"elementor-element elementor-element-2ba2cda elementor-widget elementor-widget-html\" data-id=\"2ba2cda\" data-element_type=\"widget\" data-widget_type=\"html.default\">\n\t\t\t\t<div class=\"elementor-widget-container\">\n\t\t\t\t\t<div data-tf-live=\"01KGHYMXCPHPR3B081VT8A0SY7\"><\/div><script src=\"\/\/embed.typeform.com\/next\/embed.js\"><\/script>\t\t\t\t<\/div>\n\t\t\t\t<\/div>\n\t\t\t\t\t<\/div>\n\t\t<\/div>\n\t\t\t\t\t<\/div>\n\t\t<\/section>\n\t\t\t\t\t<\/div>\n\t\t<\/div>\n\t\t\t\t\t<\/div>\n\t\t<\/section>\n\t\t\t\t<section class=\"elementor-section elementor-top-section elementor-element elementor-element-f789e4a elementor-section-boxed elementor-section-height-default elementor-section-height-default\" data-id=\"f789e4a\" data-element_type=\"section\" data-settings=\"{&quot;background_background&quot;:&quot;classic&quot;}\">\n\t\t\t\t\t\t\t<div class=\"elementor-background-overlay\"><\/div>\n\t\t\t\t\t\t\t<div class=\"elementor-container elementor-column-gap-default\">\n\t\t\t\t\t<div class=\"elementor-column elementor-col-100 elementor-top-column elementor-element elementor-element-33e3cf7\" data-id=\"33e3cf7\" data-element_type=\"column\">\n\t\t\t<div class=\"elementor-widget-wrap elementor-element-populated\">\n\t\t\t\t\t\t<div class=\"elementor-element elementor-element-cf8f4bd elementor-widget elementor-widget-text-editor\" data-id=\"cf8f4bd\" data-element_type=\"widget\" data-widget_type=\"text-editor.default\">\n\t\t\t\t<div class=\"elementor-widget-container\">\n\t\t\t\t\t\t\t\t\t<b>GU\u00cdA PARA LA PAZ INTERIOR<\/b>, no tiene ninguna relaci\u00f3n institucional con Facebook, Instagram, WhatsApp o Facebook Messenger. Este sitio no forma parte del sitio web de Facebook o Facebook Inc. Adem\u00e1s, este sitio NO est\u00e1 respaldado por Facebook de ninguna manera. Facebook, Instagram, WhatsApp son marcas registradas de FACEBOOK, Inc. Este Producto no garantiza la obtenci\u00f3n de resultados. Cualquier referencia al desempe\u00f1o de una estrategia no debe ser interpretada como una garant\u00eda de resultado. Los resultados son proporcionales al esfuerzo y dedicaci\u00f3n de aplicar lo aprendido.\n\n<b>2025 \u00a9 GU\u00cdA PARA LA PAZ INTERIOR<\/b>\t\t\t\t\t\t\t\t<\/div>\n\t\t\t\t<\/div>\n\t\t\t\t\t<\/div>\n\t\t<\/div>\n\t\t\t\t\t<\/div>\n\t\t<\/section>\n\t\t\t\t<\/div>\n\t\t","protected":false},"excerpt":{"rendered":"<p>Aplicaci\u00f3n para la media BECA Un Curso de Milagros T\u00f3mate un tiempo para responder a las preguntas del siguiente formulario.&nbsp; GU\u00cdA PARA LA PAZ INTERIOR, no tiene ninguna relaci\u00f3n institucional con Facebook, Instagram, WhatsApp o Facebook Messenger. Este sitio no forma parte del sitio web de Facebook o Facebook Inc. Adem\u00e1s, este sitio NO est\u00e1 [&hellip;]<\/p>\n","protected":false},"author":10,"featured_media":0,"parent":0,"menu_order":0,"comment_status":"closed","ping_status":"closed","template":"elementor_canvas","meta":{"_uf_show_specific_survey":0,"_uf_disable_surveys":false,"footnotes":""},"class_list":["post-6908","page","type-page","status-publish","hentry"],"aioseo_notices":[],"_links":{"self":[{"href":"https:\/\/guiaparalapazinterior.com\/a\/wp-json\/wp\/v2\/pages\/6908","targetHints":{"allow":["GET"]}}],"collection":[{"href":"https:\/\/guiaparalapazinterior.com\/a\/wp-json\/wp\/v2\/pages"}],"about":[{"href":"https:\/\/guiaparalapazinterior.com\/a\/wp-json\/wp\/v2\/types\/page"}],"author":[{"embeddable":true,"href":"https:\/\/guiaparalapazinterior.com\/a\/wp-json\/wp\/v2\/users\/10"}],"replies":[{"embeddable":true,"href":"https:\/\/guiaparalapazinterior.com\/a\/wp-json\/wp\/v2\/comments?post=6908"}],"version-history":[{"count":40,"href":"https:\/\/guiaparalapazinterior.com\/a\/wp-json\/wp\/v2\/pages\/6908\/revisions"}],"predecessor-version":[{"id":7178,"href":"https:\/\/guiaparalapazinterior.com\/a\/wp-json\/wp\/v2\/pages\/6908\/revisions\/7178"}],"wp:attachment":[{"href":"https:\/\/guiaparalapazinterior.com\/a\/wp-json\/wp\/v2\/media?parent=6908"}],"curies":[{"name":"wp","href":"https:\/\/api.w.org\/{rel}","templated":true}]}}