{"id":20809,"date":"2021-04-22T12:27:18","date_gmt":"2021-04-22T15:27:18","guid":{"rendered":"https:\/\/guiaparalapazinterior.com\/cursos\/?post_type=product&#038;p=20809"},"modified":"2021-05-27T20:04:34","modified_gmt":"2021-05-27T23:04:34","slug":"ebook-2","status":"publish","type":"product","link":"https:\/\/guiaparalapazinterior.com\/cursos\/producto\/ebook-2\/","title":{"rendered":"LAS 5 RAZONES QUE BLOQUEAN NUESTRA VIDA"},"content":{"rendered":"","protected":false},"excerpt":{"rendered":"<p>Antes de comenzar debes comprender que la b\u00fasqueda de paz interior y liberaci\u00f3n<br \/>\nha sido sostenida por infinidad de seres humanos a lo largo de la historia de la<br \/>\nhumanidad. Ha ocupado a todas las culturas, tradiciones y filosof\u00edas.<br \/>\nNunca tan simple como hoy es reconocer el camino hacia esta libertad y, a su vez,<br \/>\nnunca tan lejano como hoy parece por momentos vivirla. En este informe recibir\u00e1s<br \/>\nlas <em><strong>CINCO RAZONES QUE NOS BLOQUEAN EN NUESTRA VIDA<\/strong><\/em> y ya no volver\u00e1s a<br \/>\nvivir de la misma forma.<\/p>\n<p>Muchas veces la sobreinformaci\u00f3n y la ausencia de claridad condicionan nuestras<br \/>\nelecciones y nos llevan a estados de gran confusi\u00f3n. Por ello aqu\u00ed recibir\u00e1s un<br \/>\nmaterial simple y al punto. L\u00e9elo con atenci\u00f3n y paciencia, reconociendo en cada<br \/>\npunto c\u00f3mo esto te ha afectado y c\u00f3mo una direcci\u00f3n clara puede alumbrar tu<br \/>\ncamino hacia la dorada <strong>PAZ INTERIOR.<\/strong><br \/>\nBienvenido a esta jornada. S\u00edgueme. \u00a1Haremos un viaje magn\u00edfico!<br \/>\n<em><strong>Gabriel Gowezniansky<\/strong><\/em>, fundador de Gu\u00eda para la Paz Interior<\/p>\n","protected":false},"featured_media":20810,"comment_status":"open","ping_status":"closed","template":"","meta":{"_bbp_topic_count":0,"_bbp_reply_count":0,"_bbp_total_topic_count":0,"_bbp_total_reply_count":0,"_bbp_voice_count":0,"_bbp_anonymous_reply_count":0,"_bbp_topic_count_hidden":0,"_bbp_reply_count_hidden":0,"_bbp_forum_subforum_count":0},"product_brand":[],"product_cat":[373],"product_tag":[377,388,374,389,375,390],"class_list":{"0":"post-20809","1":"product","2":"type-product","3":"status-publish","4":"has-post-thumbnail","6":"product_cat-lectura","7":"product_tag-amor","8":"product_tag-lectura","9":"product_tag-pazinterior","10":"product_tag-perdonar","11":"product_tag-sanar","12":"product_tag-vida","14":"first","15":"instock","16":"downloadable","17":"shipping-taxable","18":"purchasable","19":"product-type-simple"},"_links":{"self":[{"href":"https:\/\/guiaparalapazinterior.com\/cursos\/wp-json\/wp\/v2\/product\/20809","targetHints":{"allow":["GET"]}}],"collection":[{"href":"https:\/\/guiaparalapazinterior.com\/cursos\/wp-json\/wp\/v2\/product"}],"about":[{"href":"https:\/\/guiaparalapazinterior.com\/cursos\/wp-json\/wp\/v2\/types\/product"}],"replies":[{"embeddable":true,"href":"https:\/\/guiaparalapazinterior.com\/cursos\/wp-json\/wp\/v2\/comments?post=20809"}],"wp:featuredmedia":[{"embeddable":true,"href":"https:\/\/guiaparalapazinterior.com\/cursos\/wp-json\/wp\/v2\/media\/20810"}],"wp:attachment":[{"href":"https:\/\/guiaparalapazinterior.com\/cursos\/wp-json\/wp\/v2\/media?parent=20809"}],"wp:term":[{"taxonomy":"product_brand","embeddable":true,"href":"https:\/\/guiaparalapazinterior.com\/cursos\/wp-json\/wp\/v2\/product_brand?post=20809"},{"taxonomy":"product_cat","embeddable":true,"href":"https:\/\/guiaparalapazinterior.com\/cursos\/wp-json\/wp\/v2\/product_cat?post=20809"},{"taxonomy":"product_tag","embeddable":true,"href":"https:\/\/guiaparalapazinterior.com\/cursos\/wp-json\/wp\/v2\/product_tag?post=20809"}],"curies":[{"name":"wp","href":"https:\/\/api.w.org\/{rel}","templated":true}]}}